{"id":1489,"date":"2023-01-06T17:19:16","date_gmt":"2023-01-06T16:19:16","guid":{"rendered":"http:\/\/ceyoga.de\/cms\/?page_id=1489"},"modified":"2023-01-06T17:58:38","modified_gmt":"2023-01-06T16:58:38","slug":"yogazentrum","status":"publish","type":"page","link":"http:\/\/ceyoga.de\/cms\/yogazentrum\/","title":{"rendered":"Yogazentrum"},"content":{"rendered":"\n<h1 class=\"wp-block-heading\">Das Zentrum<\/h1>\n\n\n\n<figure class=\"wp-block-image alignleft\"><img loading=\"lazy\" decoding=\"async\" width=\"300\" height=\"200\" src=\"http:\/\/ceyoga.de\/cms\/wp-content\/uploads\/2017\/09\/Raum_unten-300x200.jpg\" alt=\"\" class=\"wp-image-299\" srcset=\"http:\/\/ceyoga.de\/cms\/wp-content\/uploads\/2017\/09\/Raum_unten-300x200.jpg 300w, http:\/\/ceyoga.de\/cms\/wp-content\/uploads\/2017\/09\/Raum_unten-100x67.jpg 100w, http:\/\/ceyoga.de\/cms\/wp-content\/uploads\/2017\/09\/Raum_unten-150x100.jpg 150w, http:\/\/ceyoga.de\/cms\/wp-content\/uploads\/2017\/09\/Raum_unten-200x133.jpg 200w, http:\/\/ceyoga.de\/cms\/wp-content\/uploads\/2017\/09\/Raum_unten-450x300.jpg 450w, http:\/\/ceyoga.de\/cms\/wp-content\/uploads\/2017\/09\/Raum_unten-600x400.jpg 600w, http:\/\/ceyoga.de\/cms\/wp-content\/uploads\/2017\/09\/Raum_unten.jpg 640w\" sizes=\"auto, (max-width: 300px) 100vw, 300px\" \/><figcaption class=\"wp-element-caption\">Yogaraum<\/figcaption><\/figure>\n\n\n\n<p>Wir haben uns bem\u00fcht, R\u00e4umlichkeiten zu schaffen, die optimal f\u00fcr das \u00dcben von Yoga geeignet sind. Die Licht- und Temperaturverh\u00e4ltnisse sind so gestaltet, dass sie den verschiedenen Phasen des Yoga (Aktive Haltungen, Passive Haltungen, Entspannung, Atem\u00fcbungen) optimal angepasst werden k\u00f6nnen. Die R\u00e4ume werden nur ohne Schuhe betreten und dort werden keine Veranstaltungen durchgef\u00fchrt, die der Idee des Yoga entgegen stehen. So sollen die R\u00e4umlichkeiten dazu beitragen, sich ganz auf das \u00dcben einzulassen.<\/p>\n\n\n\n<p><\/p>\n\n\n\n<h1 class=\"wp-block-heading\">Yoga-Hilfsmittel<\/h1>\n\n\n\n<figure class=\"wp-block-image alignleft\"><img loading=\"lazy\" decoding=\"async\" width=\"150\" height=\"225\" src=\"http:\/\/ceyoga.de\/cms\/wp-content\/uploads\/2016\/03\/Hilfsmittel.jpg\" alt=\"\" class=\"wp-image-241\" srcset=\"http:\/\/ceyoga.de\/cms\/wp-content\/uploads\/2016\/03\/Hilfsmittel.jpg 150w, http:\/\/ceyoga.de\/cms\/wp-content\/uploads\/2016\/03\/Hilfsmittel-100x150.jpg 100w\" sizes=\"auto, (max-width: 150px) 100vw, 150px\" \/><figcaption class=\"wp-element-caption\">Hilfsmittel<\/figcaption><\/figure>\n\n\n\n<p>Eine gro\u00dfe Zahl von verschiedenen Hilfsmitteln steht f\u00fcr den Yogaunterricht zur Verf\u00fcgung. Diese dienen verschiedenen Zwecken. So k\u00f6nnen sie helfen, bestimmte Haltungen optimal einzunehmen. Haltungen k\u00f6nnen durch die Hilfsmittel so modifiziert werden, dass eine individuelle Anpassung an die k\u00f6rperlichen Voraussetzungen des Einzelnen m\u00f6glich ist. Dar\u00fcber hinaus k\u00f6nnen &#8222;passive&#8220; Haltungen eingenommen werden. Bei diesen Haltungen wird die &#8222;aktive&#8220; Arbeit der Muskulatur minimiert, um den Fokus ganz auf die Dehnung oder Entspannung zu richten. Besonders bei der Arbeit mit \u00e4lteren Menschen oder in therapeutischen Kursen leisten die Hilfsmittel wertvolle Dienste.<\/p>\n\n\n\n<p><\/p>\n\n\n\n<h1 class=\"wp-block-heading\">Yogalehrer<\/h1>\n\n\n\n<figure class=\"wp-block-image alignleft\"><img loading=\"lazy\" decoding=\"async\" width=\"300\" height=\"246\" src=\"http:\/\/ceyoga.de\/cms\/wp-content\/uploads\/2017\/09\/Hannes-300x246.jpg\" alt=\"\" class=\"wp-image-291\" srcset=\"http:\/\/ceyoga.de\/cms\/wp-content\/uploads\/2017\/09\/Hannes-300x246.jpg 300w, http:\/\/ceyoga.de\/cms\/wp-content\/uploads\/2017\/09\/Hannes-100x82.jpg 100w, http:\/\/ceyoga.de\/cms\/wp-content\/uploads\/2017\/09\/Hannes-150x123.jpg 150w, http:\/\/ceyoga.de\/cms\/wp-content\/uploads\/2017\/09\/Hannes-200x164.jpg 200w, http:\/\/ceyoga.de\/cms\/wp-content\/uploads\/2017\/09\/Hannes-450x369.jpg 450w, http:\/\/ceyoga.de\/cms\/wp-content\/uploads\/2017\/09\/Hannes-600x492.jpg 600w, http:\/\/ceyoga.de\/cms\/wp-content\/uploads\/2017\/09\/Hannes.jpg 640w\" sizes=\"auto, (max-width: 300px) 100vw, 300px\" \/><figcaption class=\"wp-element-caption\">Hannes Hempel <img loading=\"lazy\" decoding=\"async\" src=\"http:\/\/ceyoga.de\/cms\/wp-content\/uploads\/2017\/09\/certificate_2006.jpg-300x230.jpg\" alt=\"\" width=\"56\" height=\"43\"><\/figcaption><\/figure>\n\n\n\n<p>Seit Mitte der neunziger Jahre praktiziere ich Yoga. Yogaunterricht gebe ich seit Anfang des Jahrtausends. In dieser Zeit habe ich mich mit unterschiedlichen Yogastilen und Traditionen besch\u00e4ftigt. Schlie\u00dflich habe ich zu einem k\u00f6rperzentrierten Hatha-Yoga, dem IYENGAR-Yoga gefunden. Um meine eigene Praxis zu vertiefen, besuche ich regelm\u00e4\u00dfig Weiterbildungen.<br>Ich habe Diplom-Psychologie an der Universit\u00e4t Greifswald studiert und anschlie\u00dfend in der Forschung an der Universit\u00e4t Gie\u00dfen gearbeitet. Dort habe ich im Bereich der Neurowissenschaften promoviert. Mein Forschungsschwerpunkt lag auf der Yoga- und Meditationsforschung.<\/p>\n\n\n\n<p>Als Psychologe gilt mein Interesse der Interaktion von K\u00f6rper und Geist und es ist eine meiner gro\u00dfen Herausforderungen die Wechselwirkungen herauszuarbeiten und fassbar zu machen.<\/p>\n\n\n\n<p><strong>Kontakt:<\/strong> Hannes@CeYoga.de<\/p>\n\n\n\n<h1 class=\"wp-block-heading\">Lage &amp; Anfahrt<\/h1>\n\n\n\n<p><strong>Postanschrift:<\/strong><br>Bernstorffstrasse 34<br>29221 Celle<\/p>\n\n\n\n<figure class=\"wp-block-image size-large\"><img loading=\"lazy\" decoding=\"async\" width=\"695\" height=\"1024\" src=\"http:\/\/ceyoga.de\/cms\/wp-content\/uploads\/2017\/09\/Lageplan-695x1024.jpg\" alt=\"\" class=\"wp-image-311\" srcset=\"http:\/\/ceyoga.de\/cms\/wp-content\/uploads\/2017\/09\/Lageplan-695x1024.jpg 695w, http:\/\/ceyoga.de\/cms\/wp-content\/uploads\/2017\/09\/Lageplan-204x300.jpg 204w, http:\/\/ceyoga.de\/cms\/wp-content\/uploads\/2017\/09\/Lageplan-768x1132.jpg 768w, http:\/\/ceyoga.de\/cms\/wp-content\/uploads\/2017\/09\/Lageplan-100x147.jpg 100w, http:\/\/ceyoga.de\/cms\/wp-content\/uploads\/2017\/09\/Lageplan-150x221.jpg 150w, http:\/\/ceyoga.de\/cms\/wp-content\/uploads\/2017\/09\/Lageplan-200x295.jpg 200w, http:\/\/ceyoga.de\/cms\/wp-content\/uploads\/2017\/09\/Lageplan-300x442.jpg 300w, http:\/\/ceyoga.de\/cms\/wp-content\/uploads\/2017\/09\/Lageplan-450x663.jpg 450w, http:\/\/ceyoga.de\/cms\/wp-content\/uploads\/2017\/09\/Lageplan-600x884.jpg 600w, http:\/\/ceyoga.de\/cms\/wp-content\/uploads\/2017\/09\/Lageplan-900x1327.jpg 900w, http:\/\/ceyoga.de\/cms\/wp-content\/uploads\/2017\/09\/Lageplan.jpg 924w\" sizes=\"auto, (max-width: 695px) 100vw, 695px\" \/><\/figure>\n\n\n\n<p>Das Yogazentrum liegt in unmittelbarer N\u00e4he der Innenstadt.<br>\u00dcber diesen Link <a rel=\"noreferrer noopener\" href=\"http:\/\/maps.google.de\/maps?f=q&amp;source=s_q&amp;hl=de&amp;geocode=&amp;q=Celle,+Bernstorffstrasse+34\" target=\"_blank\">(Stadtplan)<\/a> kannst Du einen genauen Lageplan des Yogazentrums ansehen. Parkpl\u00e4tze uns Fahrradst\u00e4nder sind auf dem Grundst\u00fcck vorhanden.<\/p>\n","protected":false},"excerpt":{"rendered":"<p>Das Zentrum Wir haben uns bem\u00fcht, R\u00e4umlichkeiten zu schaffen, die optimal f\u00fcr das \u00dcben von Yoga geeignet sind. Die Licht- und Temperaturverh\u00e4ltnisse sind so gestaltet, dass sie den verschiedenen Phasen des Yoga (Aktive Haltungen, Passive Haltungen, Entspannung, Atem\u00fcbungen) optimal angepasst &hellip;<\/p>\n<p class=\"read-more\"> <a class=\"more-link\" href=\"http:\/\/ceyoga.de\/cms\/yogazentrum\/\"> <span class=\"screen-reader-text\">Yogazentrum<\/span> Weiterlesen &raquo;<\/a><\/p>\n","protected":false},"author":1,"featured_media":0,"parent":0,"menu_order":0,"comment_status":"closed","ping_status":"closed","template":"","meta":{"footnotes":""},"class_list":["post-1489","page","type-page","status-publish","hentry"],"_links":{"self":[{"href":"http:\/\/ceyoga.de\/cms\/wp-json\/wp\/v2\/pages\/1489","targetHints":{"allow":["GET"]}}],"collection":[{"href":"http:\/\/ceyoga.de\/cms\/wp-json\/wp\/v2\/pages"}],"about":[{"href":"http:\/\/ceyoga.de\/cms\/wp-json\/wp\/v2\/types\/page"}],"author":[{"embeddable":true,"href":"http:\/\/ceyoga.de\/cms\/wp-json\/wp\/v2\/users\/1"}],"replies":[{"embeddable":true,"href":"http:\/\/ceyoga.de\/cms\/wp-json\/wp\/v2\/comments?post=1489"}],"version-history":[{"count":10,"href":"http:\/\/ceyoga.de\/cms\/wp-json\/wp\/v2\/pages\/1489\/revisions"}],"predecessor-version":[{"id":1521,"href":"http:\/\/ceyoga.de\/cms\/wp-json\/wp\/v2\/pages\/1489\/revisions\/1521"}],"wp:attachment":[{"href":"http:\/\/ceyoga.de\/cms\/wp-json\/wp\/v2\/media?parent=1489"}],"curies":[{"name":"wp","href":"https:\/\/api.w.org\/{rel}","templated":true}]}}