{"id":1462,"date":"2023-01-06T17:19:41","date_gmt":"2023-01-06T16:19:41","guid":{"rendered":"http:\/\/ceyoga.de\/cms\/?page_id=1462"},"modified":"2023-01-06T17:19:41","modified_gmt":"2023-01-06T16:19:41","slug":"yogasonntag","status":"publish","type":"page","link":"http:\/\/ceyoga.de\/cms\/yogasonntag\/","title":{"rendered":"Yogasonntag"},"content":{"rendered":"\n<p>Die Yogasonntage finden unregelm\u00e4\u00dfig etwa einmal im Monat statt. Sie dienen der Vertiefung der \u00dcbungspraxis. Deshalb ist die \u00dcbungszeit auf drei Stunden ausgelegt. So k\u00f6nnen die Haltungen mehr im Detail ge\u00fcbt werden und es kann mehr auf die Zusammenh\u00e4nge auf der k\u00f6rperlichen und mentalen Ebene eingegangen werden.<\/p>\n\n\n\n<p>Folgende Termine werden angeboten:<\/p>\n\n\n\n<ul class=\"wp-block-list\">\n<li>Standhaltungen: <strong>Sonntag, 5. Februar 2023<\/strong> um 10 Uhr<\/li>\n\n\n\n<li>Vorw\u00e4rtsstreckungen: <strong>Sonntag, 5. M\u00e4rz 2023<\/strong> um 10 Uhr<\/li>\n\n\n\n<li>Umkehrhaltungen: <strong>Sonntag, 7. Mai 2023<\/strong> um 10 Uhr<\/li>\n\n\n\n<li>Regeneration und Pranayama:<strong> Sonntag, 4. Juni 2023<\/strong> um 10 Uhr<\/li>\n<\/ul>\n\n\n\n<p>F\u00fcr die Teilnahme an den Yogasonntagen ist eine Anmeldung erforderlich!<\/p>\n\n\n\n<p>Die Anmeldung erfolgt per Email: <a href=\"mailto:info@ceyoga.de\">info@ceyoga.de<\/a><\/p>\n\n\n\n<p>Die Teilnahme kostet 30 Euro. Mindestteilnehmerzahl f\u00fcr das Zustandekommen des Yogasonntages sind 5 Teilnehmer.<\/p>\n","protected":false},"excerpt":{"rendered":"<p>Die Yogasonntage finden unregelm\u00e4\u00dfig etwa einmal im Monat statt. Sie dienen der Vertiefung der \u00dcbungspraxis. Deshalb ist die \u00dcbungszeit auf drei Stunden ausgelegt. So k\u00f6nnen die Haltungen mehr im Detail ge\u00fcbt werden und es kann mehr auf die Zusammenh\u00e4nge auf &hellip;<\/p>\n<p class=\"read-more\"> <a class=\"more-link\" href=\"http:\/\/ceyoga.de\/cms\/yogasonntag\/\"> <span class=\"screen-reader-text\">Yogasonntag<\/span> Weiterlesen &raquo;<\/a><\/p>\n","protected":false},"author":1,"featured_media":0,"parent":0,"menu_order":0,"comment_status":"closed","ping_status":"closed","template":"","meta":{"footnotes":""},"class_list":["post-1462","page","type-page","status-publish","hentry"],"_links":{"self":[{"href":"http:\/\/ceyoga.de\/cms\/wp-json\/wp\/v2\/pages\/1462","targetHints":{"allow":["GET"]}}],"collection":[{"href":"http:\/\/ceyoga.de\/cms\/wp-json\/wp\/v2\/pages"}],"about":[{"href":"http:\/\/ceyoga.de\/cms\/wp-json\/wp\/v2\/types\/page"}],"author":[{"embeddable":true,"href":"http:\/\/ceyoga.de\/cms\/wp-json\/wp\/v2\/users\/1"}],"replies":[{"embeddable":true,"href":"http:\/\/ceyoga.de\/cms\/wp-json\/wp\/v2\/comments?post=1462"}],"version-history":[{"count":4,"href":"http:\/\/ceyoga.de\/cms\/wp-json\/wp\/v2\/pages\/1462\/revisions"}],"predecessor-version":[{"id":1466,"href":"http:\/\/ceyoga.de\/cms\/wp-json\/wp\/v2\/pages\/1462\/revisions\/1466"}],"wp:attachment":[{"href":"http:\/\/ceyoga.de\/cms\/wp-json\/wp\/v2\/media?parent=1462"}],"curies":[{"name":"wp","href":"https:\/\/api.w.org\/{rel}","templated":true}]}}