{"id":1459,"date":"2023-01-06T17:18:32","date_gmt":"2023-01-06T16:18:32","guid":{"rendered":"http:\/\/ceyoga.de\/cms\/?page_id=1459"},"modified":"2026-01-19T16:37:27","modified_gmt":"2026-01-19T15:37:27","slug":"probestunden","status":"publish","type":"page","link":"http:\/\/ceyoga.de\/cms\/probestunden\/","title":{"rendered":"Probestunden"},"content":{"rendered":"\n<p>Wenn Du eine Idee vom Iyengar-Yoga haben m\u00f6chtest, bevor Du Dich f\u00fcr einen Kurs anmeldest, kannst Du an einer speziellen Probestunde teilnehmen.<br>F\u00fcr diese Probestunden gibt es feste Termine. Die n\u00e4chsten Termine sind:<\/p>\n\n\n\n<ul class=\"wp-block-list\">\n<li>Yoga 60plus: Sonntag, 15. M\u00e4rz 2026 um 10 Uhr<\/li>\n\n\n\n<li>Yoga: Sonntag, 15. M\u00e4rz 2026 um 12 Uhr<\/li>\n\n\n\n<li>Yoga 60plus; Sonntag, 21. Juni 2026 um 10 Uhr<\/li>\n\n\n\n<li>Yoga: Sonntag, 21. Juni 2026 um 12 Uhr<\/li>\n\n\n\n<li>Yoga 60plus; Samstag, 27. September 2026 um 10 Uhr<\/li>\n\n\n\n<li>Yoga: Samstag, 127. September 2026 um 12 Uhr<\/li>\n\n\n\n<li>Yoga 60plus; Sonntag, 13. Dezember 2026 um 10 Uhr<\/li>\n\n\n\n<li>Yoga: Sonntag, 13. Dezember 2026 um 12 Uhr<\/li>\n<\/ul>\n\n\n\n<p>F\u00fcr die Teilnahme ist eine Anmeldung erforderlich. Die Teilnahme an der Probestunde kostet 10 Euro. Solltest Du im Anschluss an die Probestunde einen Yogakurs buchen, werden die 10 Euro verrechnet.<\/p>\n\n\n\n<p>Anmelden kannst Du Dich per E-Mail: <a href=\"mailto:info@ceyoga.de\">info@ceyoga.de<\/a><\/p>\n","protected":false},"excerpt":{"rendered":"<p>Wenn Du eine Idee vom Iyengar-Yoga haben m\u00f6chtest, bevor Du Dich f\u00fcr einen Kurs anmeldest, kannst Du an einer speziellen Probestunde teilnehmen.F\u00fcr diese Probestunden gibt es feste Termine. Die n\u00e4chsten Termine sind: F\u00fcr die Teilnahme ist eine Anmeldung erforderlich. Die &hellip;<\/p>\n<p class=\"read-more\"> <a class=\"more-link\" href=\"http:\/\/ceyoga.de\/cms\/probestunden\/\"> <span class=\"screen-reader-text\">Probestunden<\/span> Weiterlesen &raquo;<\/a><\/p>\n","protected":false},"author":1,"featured_media":0,"parent":0,"menu_order":0,"comment_status":"closed","ping_status":"closed","template":"","meta":{"footnotes":""},"class_list":["post-1459","page","type-page","status-publish","hentry"],"_links":{"self":[{"href":"http:\/\/ceyoga.de\/cms\/wp-json\/wp\/v2\/pages\/1459","targetHints":{"allow":["GET"]}}],"collection":[{"href":"http:\/\/ceyoga.de\/cms\/wp-json\/wp\/v2\/pages"}],"about":[{"href":"http:\/\/ceyoga.de\/cms\/wp-json\/wp\/v2\/types\/page"}],"author":[{"embeddable":true,"href":"http:\/\/ceyoga.de\/cms\/wp-json\/wp\/v2\/users\/1"}],"replies":[{"embeddable":true,"href":"http:\/\/ceyoga.de\/cms\/wp-json\/wp\/v2\/comments?post=1459"}],"version-history":[{"count":6,"href":"http:\/\/ceyoga.de\/cms\/wp-json\/wp\/v2\/pages\/1459\/revisions"}],"predecessor-version":[{"id":1655,"href":"http:\/\/ceyoga.de\/cms\/wp-json\/wp\/v2\/pages\/1459\/revisions\/1655"}],"wp:attachment":[{"href":"http:\/\/ceyoga.de\/cms\/wp-json\/wp\/v2\/media?parent=1459"}],"curies":[{"name":"wp","href":"https:\/\/api.w.org\/{rel}","templated":true}]}}